{"id":4927,"date":"2025-07-23T19:17:58","date_gmt":"2025-07-23T17:17:58","guid":{"rendered":"https:\/\/www.sputnik.cat\/contacte\/"},"modified":"2025-11-17T13:19:22","modified_gmt":"2025-11-17T11:19:22","slug":"contacto","status":"publish","type":"page","link":"https:\/\/www.sputnik.cat\/es\/contacto\/","title":{"rendered":"Contacto"},"content":{"rendered":"<p>[vc_row row_content_width=\u00bbgrid\u00bb css=\u00bb.vc_custom_1520422411566{padding-bottom: 90px !important;}\u00bb][vc_column offset=\u00bbvc_col-lg-6 vc_col-md-12 vc_col-xs-12&#8243;][vc_column_text]<\/p>\n<h4>CONTACTE CON NOSOTROS<\/h4>\n<p>[\/vc_column_text][vc_empty_space height=\u00bb25px\u00bb][vc_column_text]Para cualquier consulta, utilice este formulario de contacto y le responderemos lo antes posible.[\/vc_column_text][vc_empty_space height=\u00bb34px\u00bb]\n<div class=\"wpcf7 no-js\" id=\"wpcf7-f4931-o1\" lang=\"ca\" dir=\"ltr\" data-wpcf7-id=\"4931\">\n<div class=\"screen-reader-response\"><p role=\"status\" aria-live=\"polite\" aria-atomic=\"true\"><\/p> <ul><\/ul><\/div>\n<form action=\"\/es\/wp-json\/wp\/v2\/pages\/4927#wpcf7-f4931-o1\" method=\"post\" class=\"wpcf7-form init cf7_custom_style_2\" aria-label=\"Formulari de contacte\" novalidate=\"novalidate\" data-status=\"init\">\n<fieldset class=\"hidden-fields-container\"><input type=\"hidden\" name=\"_wpcf7\" value=\"4931\" \/><input type=\"hidden\" name=\"_wpcf7_version\" value=\"6.1.3\" \/><input type=\"hidden\" name=\"_wpcf7_locale\" value=\"ca\" \/><input type=\"hidden\" name=\"_wpcf7_unit_tag\" value=\"wpcf7-f4931-o1\" \/><input type=\"hidden\" name=\"_wpcf7_container_post\" value=\"0\" \/><input type=\"hidden\" name=\"_wpcf7_posted_data_hash\" value=\"\" \/><input type=\"hidden\" name=\"_wpcf7_recaptcha_response\" value=\"\" \/>\n<\/fieldset>\n<div class=\"edgtf-grid-row edgtf-grid-no-gutter\">\n\t<div class=\"edgtf-grid-col-12\">\n\t\t<p><span class=\"wpcf7-form-control-wrap\" data-name=\"your-subject\"><input size=\"40\" maxlength=\"400\" class=\"wpcf7-form-control wpcf7-text wpcf7-validates-as-required edgtf-disable-right-border edgtf-disable-ipad-bottom-border\" aria-required=\"true\" aria-invalid=\"false\" placeholder=\"Asunto*\" value=\"\" type=\"text\" name=\"your-subject\" \/><\/span>\n\t\t<\/p>\n\t<\/div>\n<\/div>\n<p><span class=\"wpcf7-form-control-wrap\" data-name=\"your-message\"><textarea cols=\"40\" rows=\"10\" maxlength=\"2000\" class=\"wpcf7-form-control wpcf7-textarea edgtf-disable-bottom-border edgtf-disable-ipad-bottom-border\" aria-invalid=\"false\" placeholder=\"Mensaje\" name=\"your-message\"><\/textarea><\/span>\n<\/p>\n<div class=\"edgtf-grid-row edgtf-grid-no-gutter\">\n\t<div class=\"edgtf-grid-col-6\">\n\t\t<p><span class=\"wpcf7-form-control-wrap\" data-name=\"your-name\"><input size=\"40\" maxlength=\"400\" class=\"wpcf7-form-control wpcf7-text wpcf7-validates-as-required edgtf-disable-right-border edgtf-disable-ipad-bottom-border\" aria-required=\"true\" aria-invalid=\"false\" placeholder=\"Nombre*\" value=\"\" type=\"text\" name=\"your-name\" \/><\/span>\n\t\t<\/p>\n\t<\/div>\n\t<div class=\"edgtf-grid-col-6\">\n\t\t<p><span class=\"wpcf7-form-control-wrap\" data-name=\"your-email\"><input size=\"40\" maxlength=\"400\" class=\"wpcf7-form-control wpcf7-email wpcf7-validates-as-required wpcf7-text wpcf7-validates-as-email\" aria-required=\"true\" aria-invalid=\"false\" placeholder=\"E-mail*\" value=\"\" type=\"email\" name=\"your-email\" \/><\/span>\n\t\t<\/p>\n\t<\/div>\n\t<div class=\"edgtf-grid-row edgtf-grid-no-gutter\">\n\t\t<div class=\"edgtf-grid-col-12\">\n\t\t\t<div class=\"input-group\">\n\t\t\t\t<p><span><br \/>\n<label aria-label=\"Acceptaci\u00f3n de la pol\u00edtica de privacidad\"><br \/>\n<span class=\"wpcf7-form-control-wrap\" data-name=\"acceptance-279\"><span class=\"wpcf7-form-control wpcf7-acceptance\"><span class=\"wpcf7-list-item\"><input type=\"checkbox\" name=\"acceptance-279\" value=\"1\" aria-invalid=\"false\" \/><\/span><\/span><\/span> He le\u00eddo y acepto la <a target=\"_blank\" rel=\"nofollow noopener noreferrer\" href=\"http:\/\/www.sputnik.cat\/es\/politica-de-privacidad\">Pol\u00edtica de Privacidad<\/a>.<br \/>\n<\/label><br \/>\n<\/span>\n\t\t\t\t<\/p>\n\t\t\t<\/div>\n\t\t<\/div>\n\n\n<!--\n<div class=\"edgtf-grid-col-12\">\n<div class=\"input-group\">\n<span><span class=\"wpcf7-form-control-wrap\" data-name=\"acceptance-280\"><span class=\"wpcf7-form-control wpcf7-acceptance optional\"><span class=\"wpcf7-list-item\"><input type=\"checkbox\" name=\"acceptance-280\" value=\"1\" aria-invalid=\"false\" \/><\/span><\/span><\/span> Autorizo el env\u00edo de informaci\u00f3n comercial y del bolet\u00edn de noticias.<\/span><br>\n<\/div>\n<\/div>\n-->\n\t\t<div class=\"edgtf-grid-col-12 text-left text-legal-p\" style=\"padding-top: 20px;\">\n\t\t\t<p><b>INFORMACI\u00d3N B\u00c1SICA SOBRE PROTECCI\u00d3N DE DATOS<\/b><br \/>\n<b>Responsable del tratamiento:<\/b> CASTELL 1964, S.L.<br \/>\n<b>Finalidad del tratamiento:<\/b> Mantener una relaci\u00f3n con el Usuario y, si nos autoriza, el env\u00edo de newsletters, comunicaciones comerciales y promociones.<br \/>\n<b>Legitimaci\u00f3n del tratamiento:<\/b> Inter\u00e9s leg\u00edtimo y consentimiento del interesado\/da.<br \/>\n<b>Conservaci\u00f3n de los datos:<\/b> Se conservaran durante el tiempo en que haga un inter\u00e9s m\u00fatuo durante el tiempo que sea necesario para el cumplimiento de obligaciones legales.<br \/>\n<b>Destinatarios:<\/b> Prestadores de servicios o colaboradores.<br \/>\n<b>Derechos:<\/b> Derecho a retirar el consentimiento en cualquier momento. Derecho de acceso, rectificaci\u00f3n, portabilidad y supresi\u00f3n de sus datos y de la limitaci\u00f3n u oposici\u00f3n de sus datos y de la limitaci\u00f3n u oposici\u00f3n a su tratamiento. Datos de contacto para ejercer sus derechos: sputnikpubsolsona@gmail.com<br \/>\n<b>Informaci\u00f3n adicional:<\/b> Puede encontrar m\u00e1s informaci\u00f3n en nuestra <a href=\"https:\/\/www.sputnik.cat\/politica-de-privacitat\">Pol\u00edtica de Privacidad<\/a>.\n\t\t\t<\/p>\n\t\t<\/div>\n\t<\/div>\n\t<p><input class=\"wpcf7-form-control wpcf7-submit has-spinner\" type=\"submit\" value=\"Envia\" \/>\n\t<\/p>\n<\/div><div class=\"wpcf7-response-output\" aria-hidden=\"true\"><\/div>\n<\/form>\n<\/div>\n[vc_empty_space height=\u00bb10px\u00bb][\/vc_column][vc_column offset=\u00bbvc_col-lg-6 vc_col-md-12 vc_col-xs-12&#8243;]<div class=\"edgtf-elements-holder   edgtf-two-columns  edgtf-responsive-mode-768 \" ><div class=\"edgtf-eh-item    \"  data-item-class=\"edgtf-eh-custom-8769\" data-1280-1600=\"0 0 0 60px\" data-1024-1280=\"0 0 0 60px\" data-768-1024=\"0 0\" data-680-768=\"50px 0 0 0\" data-680=\"40px 0 0 0\">\n\t<div class=\"edgtf-eh-item-inner\">\n\t\t<div class=\"edgtf-eh-item-content edgtf-eh-custom-8769\" style=\"padding: 0 0 0 78px\">\n\t\t\t[vc_column_text]<\/p>\n<h4>DIRECCI\u00d3N<\/h4>\n<p>[\/vc_column_text][vc_empty_space height=\u00bb38px\u00bb][vc_column_text]C\/ Sant Agust\u00ed, 18<br \/>\n25280 Solsona (L\u00e9rida)[\/vc_column_text][vc_empty_space height=\u00bb36px\u00bb][vc_column_text]<\/p>\n<h5 style=\"color: #777777;\">ABIERTO CADA D\u00cdA A PARTIR DE LAS 19h<\/h5>\n<p>[\/vc_column_text][vc_empty_space height=\u00bb10px\u00bb]\t\t<\/div>\n\t<\/div>\n<\/div><\/div>[vc_empty_space height=\u00bb1px\u00bb][\/vc_column][\/vc_row][vc_row][vc_column][vc_raw_html]JTNDaWZyYW1lJTIwdGl0bGUlM0QlMjJHb29nbGUlMjBNYXBzJTIyJTIwc3JjJTNEJTIyaHR0cHMlM0ElMkYlMkZ3d3cuZ29vZ2xlLmNvbSUyRm1hcHMlMkZlbWJlZCUzRnBiJTNEJTIxMW0xOCUyMTFtMTIlMjExbTMlMjExZDQyNS40OTUyMjczMzIwMTU4JTIxMmQxLjUxMzg5MzQxODU4NjE5NzIlMjEzZDQxLjk5NTQ3NTg5NzIxODA3JTIxMm0zJTIxMWYwJTIxMmYwJTIxM2YwJTIxM20yJTIxMWkxMDI0JTIxMmk3NjglMjE0ZjEzLjElMjEzbTMlMjExbTIlMjExczB4MTJhNWM5ZmJiOWU2NGRhMSUyNTNBMHg5NjA3ZWVjNTczYTk1M2MlMjEyc1NwdXRuaWslMjUyMFB1YiUyMTVlMCUyMTNtMiUyMTFzZXMlMjEyc2VzJTIxNHYxNzUzMjkxNDAwNDc5JTIxNW0yJTIxMXNlcyUyMTJzZXMlMjIlMjBoZWlnaHQlM0QlMjI0NTAlMjIlMjBzdHlsZSUzRCUyMmJvcmRlciUzQTAlM0IlMjB3aWR0aCUzQSUyMDEwMCUyNSUzQiUyMiUyMGFsbG93ZnVsbHNjcmVlbiUzRCUyMiUyMiUyMGxvYWRpbmclM0QlMjJsYXp5JTIyJTIwcmVmZXJyZXJwb2xpY3klM0QlMjJuby1yZWZlcnJlci13aGVuLWRvd25ncmFkZSUyMiUzRSUzQyUyRmlmcmFtZSUzRQ==[\/vc_raw_html][\/vc_column][\/vc_row]<\/p>\n","protected":false},"excerpt":{"rendered":"<p>[vc_row row_content_width=\u00bbgrid\u00bb css=\u00bb.vc_custom_1520422411566{padding-bottom: 90px !important;}\u00bb][vc_column offset=\u00bbvc_col-lg-6 vc_col-md-12 vc_col-xs-12&#8243;][vc_column_text] CONTACTE CON NOSOTROS [\/vc_column_text][vc_empty_space height=\u00bb25px\u00bb][vc_column_text]Para cualquier consulta, utilice este formulario de contacto y le responderemos lo antes posible.[\/vc_column_text][vc_empty_space height=\u00bb34px\u00bb][vc_empty_space height=\u00bb10px\u00bb][\/vc_column][vc_column offset=\u00bbvc_col-lg-6 vc_col-md-12 vc_col-xs-12&#8243;][vc_empty_space height=\u00bb1px\u00bb][\/vc_column][\/vc_row][vc_row][vc_column][vc_raw_html]JTNDaWZyYW1lJTIwdGl0bGUlM0QlMjJHb29nbGUlMjBNYXBzJTIyJTIwc3JjJTNEJTIyaHR0cHMlM0ElMkYlMkZ3d3cuZ29vZ2xlLmNvbSUyRm1hcHMlMkZlbWJlZCUzRnBiJTNEJTIxMW0xOCUyMTFtMTIlMjExbTMlMjExZDQyNS40OTUyMjczMzIwMTU4JTIxMmQxLjUxMzg5MzQxODU4NjE5NzIlMjEzZDQxLjk5NTQ3NTg5NzIxODA3JTIxMm0zJTIxMWYwJTIxMmYwJTIxM2YwJTIxM20yJTIxMWkxMDI0JTIxMmk3NjglMjE0ZjEzLjElMjEzbTMlMjExbTIlMjExczB4MTJhNWM5ZmJiOWU2NGRhMSUyNTNBMHg5NjA3ZWVjNTczYTk1M2MlMjEyc1NwdXRuaWslMjUyMFB1YiUyMTVlMCUyMTNtMiUyMTFzZXMlMjEyc2VzJTIxNHYxNzUzMjkxNDAwNDc5JTIxNW0yJTIxMXNlcyUyMTJzZXMlMjIlMjBoZWlnaHQlM0QlMjI0NTAlMjIlMjBzdHlsZSUzRCUyMmJvcmRlciUzQTAlM0IlMjB3aWR0aCUzQSUyMDEwMCUyNSUzQiUyMiUyMGFsbG93ZnVsbHNjcmVlbiUzRCUyMiUyMiUyMGxvYWRpbmclM0QlMjJsYXp5JTIyJTIwcmVmZXJyZXJwb2xpY3klM0QlMjJuby1yZWZlcnJlci13aGVuLWRvd25ncmFkZSUyMiUzRSUzQyUyRmlmcmFtZSUzRQ==[\/vc_raw_html][\/vc_column][\/vc_row]<\/p>\n","protected":false},"author":1,"featured_media":0,"parent":0,"menu_order":4,"comment_status":"closed","ping_status":"closed","template":"full-width.php","meta":{"footnotes":""},"class_list":["post-4927","page","type-page","status-publish","hentry"],"aioseo_notices":[],"_links":{"self":[{"href":"https:\/\/www.sputnik.cat\/es\/wp-json\/wp\/v2\/pages\/4927","targetHints":{"allow":["GET"]}}],"collection":[{"href":"https:\/\/www.sputnik.cat\/es\/wp-json\/wp\/v2\/pages"}],"about":[{"href":"https:\/\/www.sputnik.cat\/es\/wp-json\/wp\/v2\/types\/page"}],"author":[{"embeddable":true,"href":"https:\/\/www.sputnik.cat\/es\/wp-json\/wp\/v2\/users\/1"}],"replies":[{"embeddable":true,"href":"https:\/\/www.sputnik.cat\/es\/wp-json\/wp\/v2\/comments?post=4927"}],"version-history":[{"count":4,"href":"https:\/\/www.sputnik.cat\/es\/wp-json\/wp\/v2\/pages\/4927\/revisions"}],"predecessor-version":[{"id":4932,"href":"https:\/\/www.sputnik.cat\/es\/wp-json\/wp\/v2\/pages\/4927\/revisions\/4932"}],"wp:attachment":[{"href":"https:\/\/www.sputnik.cat\/es\/wp-json\/wp\/v2\/media?parent=4927"}],"curies":[{"name":"wp","href":"https:\/\/api.w.org\/{rel}","templated":true}]}}