{"id":4905,"date":"2025-07-23T19:15:34","date_gmt":"2025-07-23T17:15:34","guid":{"rendered":"https:\/\/www.sputnik.cat\/inici\/"},"modified":"2025-11-17T12:25:22","modified_gmt":"2025-11-17T10:25:22","slug":"inici","status":"publish","type":"page","link":"https:\/\/www.sputnik.cat\/es\/","title":{"rendered":"Inicio"},"content":{"rendered":"<p>[vc_row row_content_width=\u00bbgrid\u00bb css=\u00bb.vc_custom_1763374999594{padding-top: 78px !important;padding-bottom: 30px !important;}\u00bb el_id=\u00bbquienes-somos\u00bb][vc_column offset=\u00bbvc_col-lg-8 vc_col-md-12&#8243;]<div class=\"edgtf-elements-holder   edgtf-one-column  edgtf-responsive-mode-768 \" ><div class=\"edgtf-eh-item    \"  data-item-class=\"edgtf-eh-custom-2724\" data-1280-1600=\"73px 0 0 0\" data-1024-1280=\"73px 0 0 0\" data-768-1024=\"45px 0 0 0\" data-680-768=\"40px 0 0 0\" data-680=\"0 0\">\n\t<div class=\"edgtf-eh-item-inner\">\n\t\t<div class=\"edgtf-eh-item-content edgtf-eh-custom-2724\" style=\"padding: 115px 20px 134px 0\">\n\t\t\t<div class=\"edgtf-section-title-holder  edgtf-st-normal-space\" >\n\t<div class=\"edgtf-st-inner\">\n\t\t\t\t\t<div class=\"edgtf-st-title-wrap\">\n\t\t\t\t\t\t\t\t<h2 class=\"edgtf-st-title\" style=\"margin-bottom: 10px\">\n\t\t\t\t\tQUI\u00c9NES SOMOS\t\t\t\t<\/h2>\n\t\t\t\t<svg version=\"1.1\" xmlns=\"http:\/\/www.w3.org\/2000\/svg\" xmlns:xlink=\"http:\/\/www.w3.org\/1999\/xlink\" x=\"0px\" y=\"0px\" width=\"62\" height=\"9\" viewBox=\"0 0 41.889 5.875\" enable-background=\"new 0 0 41.889 5.875\" xml:space=\"preserve\">\n\t\t\t\t\t<path fill=\"none\" stroke=\"#ffc123\" stroke-width=\"2.5\" stroke-miterlimit=\"10\" d=\"M41.889,1.408c-1.258,0-2.381,0.506-3.18,1.207 c-0.943,0.826-1.566,1.852-3.801,1.852c-2.236,0-2.896-1.025-3.84-1.852c-0.799-0.701-1.887-1.207-3.143-1.207 c-1.258,0-2.34,0.506-3.139,1.207c-0.943,0.826-1.609,1.852-3.844,1.852s-2.854-1.025-3.797-1.852 c-0.797-0.701-1.928-1.207-3.184-1.207s-2.33,0.506-3.129,1.207C9.895,3.441,9.215,4.466,6.982,4.466 c-2.236,0-2.91-1.025-3.852-1.852C2.332,1.914,1.258,1.408,0,1.408\" \/>\n\t\t\t\t<\/svg>\t\t\t<\/div>\n\t\t\t\t\t\t\t<div class=\"edgtf-st-text\" style=\"margin-top: 10px\">\n\t\t\t\t<strong>Sputnik<\/strong> es mucho m\u00e1s que un pub: es un espacio de encuentro, cultura y m\u00fasica en directo. Situado en pleno centro de <strong>Solsona<\/strong>, somos el punto de referencia para los amantes de la m\u00fasica alternativa, los conciertos \u00edntimos i las noches inolvidables con amigos. Con una programaci\u00f3n diversa y una cuidada selecci\u00f3n musical, ofrecemos copas de calidad, una atm\u00f3sfera c\u00e1lida y un buen ambiente nocturno.\t\t\t<\/div>\n\t\t\t<\/div>\n<\/div>\t\t<\/div>\n\t<\/div>\n<\/div><\/div>[\/vc_column][vc_column offset=\u00bbvc_col-lg-4 vc_col-md-12&#8243;]<div class=\"edgtf-elements-holder   edgtf-one-column  edgtf-responsive-mode-768 \" ><div class=\"edgtf-eh-item    \"  data-item-class=\"edgtf-eh-custom-6785\" data-1280-1600=\"10px 0 30px 0\" data-1024-1280=\"10px 0 30px 0\" data-768-1024=\"80px 66px 0 70px\" data-680-768=\"80px 20px 0 15px\" data-680=\"60px 0 0 0\">\n\t<div class=\"edgtf-eh-item-inner\">\n\t\t<div class=\"edgtf-eh-item-content edgtf-eh-custom-6785\" style=\"padding: 20px 0 0 0\">\n\t\t\t<div class=\"edgtf-single-image-holder   \">\n    <div class=\"edgtf-si-inner\" >\n                                    <img loading=\"lazy\" decoding=\"async\" width=\"2560\" height=\"2170\" src=\"https:\/\/www.sputnik.cat\/wp-content\/uploads\/2025\/07\/logo-Sputnik-Pos-scaled.png\" class=\"attachment-full size-full\" alt=\"\" srcset=\"https:\/\/www.sputnik.cat\/wp-content\/uploads\/2025\/07\/logo-Sputnik-Pos-scaled.png 2560w, https:\/\/www.sputnik.cat\/wp-content\/uploads\/2025\/07\/logo-Sputnik-Pos-300x254.png 300w, https:\/\/www.sputnik.cat\/wp-content\/uploads\/2025\/07\/logo-Sputnik-Pos-1024x868.png 1024w, https:\/\/www.sputnik.cat\/wp-content\/uploads\/2025\/07\/logo-Sputnik-Pos-768x651.png 768w, https:\/\/www.sputnik.cat\/wp-content\/uploads\/2025\/07\/logo-Sputnik-Pos-1536x1302.png 1536w, https:\/\/www.sputnik.cat\/wp-content\/uploads\/2025\/07\/logo-Sputnik-Pos-110x93.png 110w\" sizes=\"auto, (max-width: 2560px) 100vw, 2560px\" \/>                        <\/div>\n<\/div>\t\t<\/div>\n\t<\/div>\n<\/div><\/div>[\/vc_column][\/vc_row][vc_row][vc_column][vc_empty_space][\/vc_column][\/vc_row][vc_row css=\u00bb.vc_custom_1753358264791{padding-right: 80px !important;padding-bottom: 50px !important;padding-left: 80px !important;}\u00bb][vc_column width=\u00bb1\/4&#8243;]<div class=\"edgtf-banner-holder  edgtf-visible-on-hover edgtf-banner-info-default  edgtf-banner-border-default\">\n    <div class=\"edgtf-banner-image\">\n        <img loading=\"lazy\" decoding=\"async\" width=\"1536\" height=\"2048\" src=\"https:\/\/www.sputnik.cat\/wp-content\/uploads\/2025\/07\/IMG-20250722-WA0002.jpg\" class=\"attachment-full size-full\" alt=\"\" srcset=\"https:\/\/www.sputnik.cat\/wp-content\/uploads\/2025\/07\/IMG-20250722-WA0002.jpg 1536w, https:\/\/www.sputnik.cat\/wp-content\/uploads\/2025\/07\/IMG-20250722-WA0002-225x300.jpg 225w, https:\/\/www.sputnik.cat\/wp-content\/uploads\/2025\/07\/IMG-20250722-WA0002-768x1024.jpg 768w, https:\/\/www.sputnik.cat\/wp-content\/uploads\/2025\/07\/IMG-20250722-WA0002-1152x1536.jpg 1152w, https:\/\/www.sputnik.cat\/wp-content\/uploads\/2025\/07\/IMG-20250722-WA0002-110x147.jpg 110w\" sizes=\"auto, (max-width: 1536px) 100vw, 1536px\" \/>    <\/div>\n    <div class=\"edgtf-banner-text-holder\" >\n\t    <div class=\"edgtf-banner-text-outer\">\n\t\t    <div class=\"edgtf-banner-text-inner\">\n\t\t        \t\t        \t\t\t\t\t\t\t<\/div>\n\t\t<\/div>\n\t<\/div>\n\t<\/div>[\/vc_column][vc_column width=\u00bb1\/4&#8243;]<div class=\"edgtf-banner-holder  edgtf-visible-on-hover edgtf-banner-info-default  edgtf-banner-border-default\">\n    <div class=\"edgtf-banner-image\">\n        <img loading=\"lazy\" decoding=\"async\" width=\"1536\" height=\"2048\" src=\"https:\/\/www.sputnik.cat\/wp-content\/uploads\/2025\/07\/IMG-20250722-WA0008.jpg\" class=\"attachment-full size-full\" alt=\"\" srcset=\"https:\/\/www.sputnik.cat\/wp-content\/uploads\/2025\/07\/IMG-20250722-WA0008.jpg 1536w, https:\/\/www.sputnik.cat\/wp-content\/uploads\/2025\/07\/IMG-20250722-WA0008-225x300.jpg 225w, https:\/\/www.sputnik.cat\/wp-content\/uploads\/2025\/07\/IMG-20250722-WA0008-768x1024.jpg 768w, https:\/\/www.sputnik.cat\/wp-content\/uploads\/2025\/07\/IMG-20250722-WA0008-1152x1536.jpg 1152w, https:\/\/www.sputnik.cat\/wp-content\/uploads\/2025\/07\/IMG-20250722-WA0008-110x147.jpg 110w\" sizes=\"auto, (max-width: 1536px) 100vw, 1536px\" \/>    <\/div>\n    <div class=\"edgtf-banner-text-holder\" >\n\t    <div class=\"edgtf-banner-text-outer\">\n\t\t    <div class=\"edgtf-banner-text-inner\">\n\t\t        \t\t        \t\t\t\t\t\t\t<\/div>\n\t\t<\/div>\n\t<\/div>\n\t<\/div>[\/vc_column][vc_column width=\u00bb1\/4&#8243;]<div class=\"edgtf-banner-holder  edgtf-visible-on-hover edgtf-banner-info-default  edgtf-banner-border-default\">\n    <div class=\"edgtf-banner-image\">\n        <img loading=\"lazy\" decoding=\"async\" width=\"1536\" height=\"2048\" src=\"https:\/\/www.sputnik.cat\/wp-content\/uploads\/2025\/07\/IMG-20250722-WA0005.jpg\" class=\"attachment-full size-full\" alt=\"\" srcset=\"https:\/\/www.sputnik.cat\/wp-content\/uploads\/2025\/07\/IMG-20250722-WA0005.jpg 1536w, https:\/\/www.sputnik.cat\/wp-content\/uploads\/2025\/07\/IMG-20250722-WA0005-225x300.jpg 225w, https:\/\/www.sputnik.cat\/wp-content\/uploads\/2025\/07\/IMG-20250722-WA0005-768x1024.jpg 768w, https:\/\/www.sputnik.cat\/wp-content\/uploads\/2025\/07\/IMG-20250722-WA0005-1152x1536.jpg 1152w, https:\/\/www.sputnik.cat\/wp-content\/uploads\/2025\/07\/IMG-20250722-WA0005-110x147.jpg 110w\" sizes=\"auto, (max-width: 1536px) 100vw, 1536px\" \/>    <\/div>\n    <div class=\"edgtf-banner-text-holder\" >\n\t    <div class=\"edgtf-banner-text-outer\">\n\t\t    <div class=\"edgtf-banner-text-inner\">\n\t\t        \t\t        \t\t\t\t\t\t\t<\/div>\n\t\t<\/div>\n\t<\/div>\n\t<\/div>[\/vc_column][vc_column width=\u00bb1\/4&#8243;]<div class=\"edgtf-banner-holder  edgtf-visible-on-hover edgtf-banner-info-default  edgtf-banner-border-default\">\n    <div class=\"edgtf-banner-image\">\n        <img loading=\"lazy\" decoding=\"async\" width=\"1536\" height=\"2048\" src=\"https:\/\/www.sputnik.cat\/wp-content\/uploads\/2025\/07\/IMG-20250722-WA0009.jpg\" class=\"attachment-full size-full\" alt=\"\" srcset=\"https:\/\/www.sputnik.cat\/wp-content\/uploads\/2025\/07\/IMG-20250722-WA0009.jpg 1536w, https:\/\/www.sputnik.cat\/wp-content\/uploads\/2025\/07\/IMG-20250722-WA0009-225x300.jpg 225w, https:\/\/www.sputnik.cat\/wp-content\/uploads\/2025\/07\/IMG-20250722-WA0009-768x1024.jpg 768w, https:\/\/www.sputnik.cat\/wp-content\/uploads\/2025\/07\/IMG-20250722-WA0009-1152x1536.jpg 1152w, https:\/\/www.sputnik.cat\/wp-content\/uploads\/2025\/07\/IMG-20250722-WA0009-110x147.jpg 110w\" sizes=\"auto, (max-width: 1536px) 100vw, 1536px\" \/>    <\/div>\n    <div class=\"edgtf-banner-text-holder\" >\n\t    <div class=\"edgtf-banner-text-outer\">\n\t\t    <div class=\"edgtf-banner-text-inner\">\n\t\t        \t\t        \t\t\t\t\t\t\t<\/div>\n\t\t<\/div>\n\t<\/div>\n\t<\/div>[\/vc_column][\/vc_row][vc_row row_content_width=\u00bbgrid\u00bb css=\u00bb.vc_custom_1753358280967{padding-top: 60px !important;padding-bottom: 90px !important;}\u00bb parallax_background_image=\u00bb693&#8243;][vc_column]<div class=\"edgtf-section-title-holder  edgtf-st-normal-space\" style=\"text-align: center\">\n\t<div class=\"edgtf-st-inner\">\n\t\t\t\t\t<div class=\"edgtf-st-title-wrap\">\n\t\t\t\t\t\t\t\t<h2 class=\"edgtf-st-title\" style=\"margin-bottom: 10px\">\n\t\t\t\t\tnoticias y eventos\t\t\t\t<\/h2>\n\t\t\t\t<svg version=\"1.1\" xmlns=\"http:\/\/www.w3.org\/2000\/svg\" xmlns:xlink=\"http:\/\/www.w3.org\/1999\/xlink\" x=\"0px\" y=\"0px\" width=\"62\" height=\"9\" viewBox=\"0 0 41.889 5.875\" enable-background=\"new 0 0 41.889 5.875\" xml:space=\"preserve\">\n\t\t\t\t\t<path fill=\"none\" stroke=\"#ffc123\" stroke-width=\"2.5\" stroke-miterlimit=\"10\" d=\"M41.889,1.408c-1.258,0-2.381,0.506-3.18,1.207 c-0.943,0.826-1.566,1.852-3.801,1.852c-2.236,0-2.896-1.025-3.84-1.852c-0.799-0.701-1.887-1.207-3.143-1.207 c-1.258,0-2.34,0.506-3.139,1.207c-0.943,0.826-1.609,1.852-3.844,1.852s-2.854-1.025-3.797-1.852 c-0.797-0.701-1.928-1.207-3.184-1.207s-2.33,0.506-3.129,1.207C9.895,3.441,9.215,4.466,6.982,4.466 c-2.236,0-2.91-1.025-3.852-1.852C2.332,1.914,1.258,1.408,0,1.408\" \/>\n\t\t\t\t<\/svg>\t\t\t<\/div>\n\t\t\t\t\t<\/div>\n<\/div>[vc_empty_space height=\u00bb60px\u00bb]<div class=\"edgtf-blog-list-holder edgtf-bl-standard edgtf-bl-three-columns edgtf-normal-space edgtf-bl-pag-no-pagination\"  data-type=standard data-number-of-posts=-1 data-number-of-columns=3 data-space-between-items=normal data-category=craft data-orderby=date data-order=ASC data-image-size=full data-title-tag=h3 data-excerpt-length=20 data-post-info-section=yes data-post-info-image=yes data-post-info-author=no data-post-info-date=yes data-post-info-category=yes data-post-info-comments=no data-pagination-type=no-pagination data-max-num-pages=0 data-next-page=2>\n\t<div class=\"edgtf-bl-wrapper edgtf-outer-space\">\n\t\t<ul class=\"edgtf-blog-list\">\n\t\t\t<p class=\"edgtf-blog-no-posts\">Sorry, no posts matched your criteria.<\/p>\t\t<\/ul>\n\t<\/div>\n\t<\/div>[\/vc_column][\/vc_row]<\/p>\n","protected":false},"excerpt":{"rendered":"<p>[vc_row row_content_width=\u00bbgrid\u00bb css=\u00bb.vc_custom_1763374999594{padding-top: 78px !important;padding-bottom: 30px !important;}\u00bb el_id=\u00bbquienes-somos\u00bb][vc_column offset=\u00bbvc_col-lg-8 vc_col-md-12&#8243;][\/vc_column][vc_column offset=\u00bbvc_col-lg-4 vc_col-md-12&#8243;][\/vc_column][\/vc_row][vc_row][vc_column][vc_empty_space][\/vc_column][\/vc_row][vc_row css=\u00bb.vc_custom_1753358264791{padding-right: 80px !important;padding-bottom: 50px !important;padding-left: 80px !important;}\u00bb][vc_column width=\u00bb1\/4&#8243;][\/vc_column][vc_column width=\u00bb1\/4&#8243;][\/vc_column][vc_column width=\u00bb1\/4&#8243;][\/vc_column][vc_column width=\u00bb1\/4&#8243;][\/vc_column][\/vc_row][vc_row row_content_width=\u00bbgrid\u00bb css=\u00bb.vc_custom_1753358280967{padding-top: 60px !important;padding-bottom: 90px !important;}\u00bb parallax_background_image=\u00bb693&#8243;][vc_column][vc_empty_space height=\u00bb60px\u00bb][\/vc_column][\/vc_row]<\/p>\n","protected":false},"author":1,"featured_media":0,"parent":0,"menu_order":1,"comment_status":"closed","ping_status":"closed","template":"full-width.php","meta":{"footnotes":""},"class_list":["post-4905","page","type-page","status-publish","hentry"],"aioseo_notices":[],"_links":{"self":[{"href":"https:\/\/www.sputnik.cat\/es\/wp-json\/wp\/v2\/pages\/4905","targetHints":{"allow":["GET"]}}],"collection":[{"href":"https:\/\/www.sputnik.cat\/es\/wp-json\/wp\/v2\/pages"}],"about":[{"href":"https:\/\/www.sputnik.cat\/es\/wp-json\/wp\/v2\/types\/page"}],"author":[{"embeddable":true,"href":"https:\/\/www.sputnik.cat\/es\/wp-json\/wp\/v2\/users\/1"}],"replies":[{"embeddable":true,"href":"https:\/\/www.sputnik.cat\/es\/wp-json\/wp\/v2\/comments?post=4905"}],"version-history":[{"count":4,"href":"https:\/\/www.sputnik.cat\/es\/wp-json\/wp\/v2\/pages\/4905\/revisions"}],"predecessor-version":[{"id":4915,"href":"https:\/\/www.sputnik.cat\/es\/wp-json\/wp\/v2\/pages\/4905\/revisions\/4915"}],"wp:attachment":[{"href":"https:\/\/www.sputnik.cat\/es\/wp-json\/wp\/v2\/media?parent=4905"}],"curies":[{"name":"wp","href":"https:\/\/api.w.org\/{rel}","templated":true}]}}